{"id":1613,"date":"2025-10-29T12:11:19","date_gmt":"2025-10-29T12:11:19","guid":{"rendered":"https:\/\/seagreen-dunlin-662002.hostingersite.com\/?page_id=1613"},"modified":"2026-03-31T07:33:20","modified_gmt":"2026-03-31T07:33:20","slug":"kerastase","status":"publish","type":"page","link":"https:\/\/hethaartheater.nl\/en\/partners\/kerastase\/","title":{"rendered":"Kerastase"},"content":{"rendered":"<div data-elementor-type=\"wp-page\" data-elementor-id=\"1613\" class=\"elementor elementor-1613\" data-elementor-post-type=\"page\">\n\t\t\t\t<div class=\"elementor-element elementor-element-439f6de e-con-full e-flex e-con e-parent\" data-id=\"439f6de\" data-element_type=\"container\" data-e-type=\"container\">\n\t\t\t\t<div class=\"elementor-element elementor-element-fcca6a2 elementor-widget-tablet__width-initial elementor-widget elementor-widget-heading\" data-id=\"fcca6a2\" data-element_type=\"widget\" data-e-type=\"widget\" data-widget_type=\"heading.default\">\n\t\t\t\t\t<h2 class=\"elementor-heading-title elementor-size-default\">K\u00e9rastase<\/h2>\t\t\t\t<\/div>\n\t\t\t\t<div class=\"elementor-element elementor-element-2f0cdad elementor-widget elementor-widget-text-editor\" data-id=\"2f0cdad\" data-element_type=\"widget\" data-e-type=\"widget\" data-settings=\"{&quot;_animation&quot;:&quot;none&quot;,&quot;_animation_delay&quot;:500,&quot;_animation_mobile&quot;:&quot;none&quot;}\" data-widget_type=\"text-editor.default\">\n\t\t\t\t\t\t\t\t\t<p>PARIS<\/p>\t\t\t\t\t\t\t\t<\/div>\n\t\t<div class=\"elementor-element elementor-element-521cdfd e-con-full e-flex e-con e-child\" data-id=\"521cdfd\" data-element_type=\"container\" data-e-type=\"container\">\n\t\t\t\t<div class=\"elementor-element elementor-element-e895848 elementor-absolute elementor-widget-mobile__width-initial elementor-widget elementor-widget-image\" data-id=\"e895848\" data-element_type=\"widget\" data-e-type=\"widget\" data-settings=\"{&quot;_position&quot;:&quot;absolute&quot;}\" data-widget_type=\"image.default\">\n\t\t\t\t\t\t\t\t\t\t\t\t\t\t\t<img fetchpriority=\"high\" decoding=\"async\" width=\"232\" height=\"349\" src=\"https:\/\/hethaartheater.nl\/wp-content\/uploads\/2025\/10\/Schermafbeelding-2025-10-29-131035.png\" class=\"attachment-large size-large wp-image-1623\" alt=\"\" srcset=\"https:\/\/hethaartheater.nl\/wp-content\/uploads\/2025\/10\/Schermafbeelding-2025-10-29-131035.png 232w, https:\/\/hethaartheater.nl\/wp-content\/uploads\/2025\/10\/Schermafbeelding-2025-10-29-131035-199x300.png 199w\" sizes=\"(max-width: 232px) 100vw, 232px\" \/>\t\t\t\t\t\t\t\t\t\t\t\t\t\t\t<\/div>\n\t\t\t\t<div class=\"elementor-element elementor-element-3756dd1 elementor-absolute elementor-widget__width-initial elementor-hidden-mobile elementor-widget elementor-widget-image\" data-id=\"3756dd1\" data-element_type=\"widget\" data-e-type=\"widget\" data-settings=\"{&quot;_position&quot;:&quot;absolute&quot;}\" data-widget_type=\"image.default\">\n\t\t\t\t\t\t\t\t\t\t\t\t\t\t\t<img decoding=\"async\" width=\"667\" height=\"811\" src=\"https:\/\/hethaartheater.nl\/wp-content\/uploads\/2025\/10\/Kerastase-2.png\" class=\"attachment-large size-large wp-image-1651\" alt=\"\" srcset=\"https:\/\/hethaartheater.nl\/wp-content\/uploads\/2025\/10\/Kerastase-2.png 667w, https:\/\/hethaartheater.nl\/wp-content\/uploads\/2025\/10\/Kerastase-2-247x300.png 247w\" sizes=\"(max-width: 667px) 100vw, 667px\" \/>\t\t\t\t\t\t\t\t\t\t\t\t\t\t\t<\/div>\n\t\t\t\t<div class=\"elementor-element elementor-element-1a728e2 elementor-absolute elementor-hidden-mobile elementor-widget elementor-widget-image\" data-id=\"1a728e2\" data-element_type=\"widget\" data-e-type=\"widget\" data-settings=\"{&quot;_position&quot;:&quot;absolute&quot;}\" data-widget_type=\"image.default\">\n\t\t\t\t\t\t\t\t\t\t\t\t\t\t\t<img decoding=\"async\" width=\"263\" height=\"281\" src=\"https:\/\/hethaartheater.nl\/wp-content\/uploads\/2025\/10\/Schermafbeelding-2025-10-29-131054.png\" class=\"attachment-large size-large wp-image-1621\" alt=\"\" \/>\t\t\t\t\t\t\t\t\t\t\t\t\t\t\t<\/div>\n\t\t\t\t<div class=\"elementor-element elementor-element-c27c0e3 elementor-absolute elementor-hidden-mobile elementor-widget elementor-widget-image\" data-id=\"c27c0e3\" data-element_type=\"widget\" data-e-type=\"widget\" data-settings=\"{&quot;_position&quot;:&quot;absolute&quot;}\" data-widget_type=\"image.default\">\n\t\t\t\t\t\t\t\t\t\t\t\t\t\t\t<img loading=\"lazy\" decoding=\"async\" width=\"320\" height=\"322\" src=\"https:\/\/hethaartheater.nl\/wp-content\/uploads\/2025\/10\/Schermafbeelding-2025-10-29-131126.png\" class=\"attachment-large size-large wp-image-1618\" alt=\"\" srcset=\"https:\/\/hethaartheater.nl\/wp-content\/uploads\/2025\/10\/Schermafbeelding-2025-10-29-131126.png 320w, https:\/\/hethaartheater.nl\/wp-content\/uploads\/2025\/10\/Schermafbeelding-2025-10-29-131126-298x300.png 298w, https:\/\/hethaartheater.nl\/wp-content\/uploads\/2025\/10\/Schermafbeelding-2025-10-29-131126-150x150.png 150w\" sizes=\"(max-width: 320px) 100vw, 320px\" \/>\t\t\t\t\t\t\t\t\t\t\t\t\t\t\t<\/div>\n\t\t\t\t<div class=\"elementor-element elementor-element-ccda6a7 elementor-absolute elementor-widget-mobile__width-initial elementor-widget elementor-widget-image\" data-id=\"ccda6a7\" data-element_type=\"widget\" data-e-type=\"widget\" data-settings=\"{&quot;_position&quot;:&quot;absolute&quot;}\" data-widget_type=\"image.default\">\n\t\t\t\t\t\t\t\t\t\t\t\t\t\t\t<img loading=\"lazy\" decoding=\"async\" width=\"211\" height=\"312\" src=\"https:\/\/hethaartheater.nl\/wp-content\/uploads\/2025\/10\/Schermafbeelding-2025-10-29-131142.png\" class=\"attachment-large size-large wp-image-1617\" alt=\"\" srcset=\"https:\/\/hethaartheater.nl\/wp-content\/uploads\/2025\/10\/Schermafbeelding-2025-10-29-131142.png 211w, https:\/\/hethaartheater.nl\/wp-content\/uploads\/2025\/10\/Schermafbeelding-2025-10-29-131142-203x300.png 203w\" sizes=\"(max-width: 211px) 100vw, 211px\" \/>\t\t\t\t\t\t\t\t\t\t\t\t\t\t\t<\/div>\n\t\t\t\t<div class=\"elementor-element elementor-element-f5ba1ff elementor-absolute elementor-widget-mobile__width-initial elementor-widget elementor-widget-image\" data-id=\"f5ba1ff\" data-element_type=\"widget\" data-e-type=\"widget\" data-settings=\"{&quot;_position&quot;:&quot;absolute&quot;}\" data-widget_type=\"image.default\">\n\t\t\t\t\t\t\t\t\t\t\t\t\t\t\t<img loading=\"lazy\" decoding=\"async\" width=\"329\" height=\"329\" src=\"https:\/\/hethaartheater.nl\/wp-content\/uploads\/2025\/10\/Schermafbeelding-2025-10-29-131044.png\" class=\"attachment-large size-large wp-image-1622\" alt=\"\" srcset=\"https:\/\/hethaartheater.nl\/wp-content\/uploads\/2025\/10\/Schermafbeelding-2025-10-29-131044.png 329w, https:\/\/hethaartheater.nl\/wp-content\/uploads\/2025\/10\/Schermafbeelding-2025-10-29-131044-300x300.png 300w, https:\/\/hethaartheater.nl\/wp-content\/uploads\/2025\/10\/Schermafbeelding-2025-10-29-131044-150x150.png 150w\" sizes=\"(max-width: 329px) 100vw, 329px\" \/>\t\t\t\t\t\t\t\t\t\t\t\t\t\t\t<\/div>\n\t\t\t\t<div class=\"elementor-element elementor-element-c60817f elementor-absolute elementor-hidden-mobile elementor-widget elementor-widget-image\" data-id=\"c60817f\" data-element_type=\"widget\" data-e-type=\"widget\" data-settings=\"{&quot;_position&quot;:&quot;absolute&quot;}\" data-widget_type=\"image.default\">\n\t\t\t\t\t\t\t\t\t\t\t\t\t\t\t<img loading=\"lazy\" decoding=\"async\" width=\"233\" height=\"195\" src=\"https:\/\/hethaartheater.nl\/wp-content\/uploads\/2025\/10\/Schermafbeelding-2025-10-29-131105.png\" class=\"attachment-large size-large wp-image-1620\" alt=\"\" \/>\t\t\t\t\t\t\t\t\t\t\t\t\t\t\t<\/div>\n\t\t\t\t<div class=\"elementor-element elementor-element-a449a92 elementor-absolute elementor-widget__width-initial elementor-hidden-mobile elementor-widget elementor-widget-image\" data-id=\"a449a92\" data-element_type=\"widget\" data-e-type=\"widget\" data-settings=\"{&quot;_position&quot;:&quot;absolute&quot;}\" data-widget_type=\"image.default\">\n\t\t\t\t\t\t\t\t\t\t\t\t\t\t\t<img loading=\"lazy\" decoding=\"async\" width=\"286\" height=\"234\" src=\"https:\/\/hethaartheater.nl\/wp-content\/uploads\/2025\/10\/Schermafbeelding-2025-10-29-131114.png\" class=\"attachment-large size-large wp-image-1619\" alt=\"\" \/>\t\t\t\t\t\t\t\t\t\t\t\t\t\t\t<\/div>\n\t\t\t\t<\/div>\n\t\t\t\t<\/div>\n\t\t<div class=\"elementor-element elementor-element-435cc0c e-con-full e-flex e-con e-parent\" data-id=\"435cc0c\" data-element_type=\"container\" data-e-type=\"container\" data-settings=\"{&quot;background_background&quot;:&quot;video&quot;,&quot;background_video_link&quot;:&quot;https:\\\/\\\/seagreen-dunlin-662002.hostingersite.com\\\/wp-content\\\/uploads\\\/2025\\\/10\\\/1744895401977_kerastase_video.mp4&quot;,&quot;background_play_on_mobile&quot;:&quot;yes&quot;}\">\n\t\t<div class=\"elementor-background-video-container\">\n\t\t\t\t\t\t\t<video class=\"elementor-background-video-hosted\" role=\"presentation\" autoplay muted playsinline loop><\/video>\n\t\t\t\t\t<\/div>\t\t<\/div>\n\t\t<div class=\"elementor-element elementor-element-ff59f9a e-con-full e-flex e-con e-parent\" data-id=\"ff59f9a\" data-element_type=\"container\" data-e-type=\"container\">\n\t\t<div class=\"elementor-element elementor-element-5597e5a e-con-full e-flex e-con e-child\" data-id=\"5597e5a\" data-element_type=\"container\" data-e-type=\"container\" data-settings=\"{&quot;background_background&quot;:&quot;classic&quot;}\">\n\t\t\t\t<\/div>\n\t\t<div class=\"elementor-element elementor-element-203343e e-con-full e-flex e-con e-child\" data-id=\"203343e\" data-element_type=\"container\" data-e-type=\"container\">\n\t\t\t\t<div class=\"elementor-element elementor-element-b8358ec elementor-widget__width-initial elementor-widget elementor-widget-heading\" data-id=\"b8358ec\" data-element_type=\"widget\" data-e-type=\"widget\" data-settings=\"{&quot;_animation&quot;:&quot;none&quot;,&quot;_animation_mobile&quot;:&quot;none&quot;}\" data-widget_type=\"heading.default\">\n\t\t\t\t\t<h2 class=\"elementor-heading-title elementor-size-default\">Kerastase Share the beauty of timeless Traditions<\/h2>\t\t\t\t<\/div>\n\t\t\t\t<div class=\"elementor-element elementor-element-1ec8af0 elementor-widget elementor-widget-text-editor\" data-id=\"1ec8af0\" data-element_type=\"widget\" data-e-type=\"widget\" data-settings=\"{&quot;_animation&quot;:&quot;none&quot;,&quot;_animation_delay&quot;:500,&quot;_animation_mobile&quot;:&quot;none&quot;}\" data-widget_type=\"text-editor.default\">\n\t\t\t\t\t\t\t\t\t<p>Bij Het Haartheater werken we samen met K\u00e9rastase om topkwaliteit haarverzorging te integreren in elke behandeling. K\u00e9rastase staat bekend om wetenschappelijke innovatie en luxe formules, met een diepe focus op haar- \u00e9n hoofdhuidgezondheid. Die combinatie maakt het merk de perfecte match voor onze salonfilosofie: doelgerichte verzorging, stijl met karakter.<\/p>\t\t\t\t\t\t\t\t<\/div>\n\t\t\t\t<\/div>\n\t\t\t\t<\/div>\n\t\t<div class=\"elementor-element elementor-element-85dabc7 e-con-full e-flex e-con e-parent\" data-id=\"85dabc7\" data-element_type=\"container\" data-e-type=\"container\">\n\t\t<div class=\"elementor-element elementor-element-12ed90d e-con-full e-flex e-con e-child\" data-id=\"12ed90d\" data-element_type=\"container\" data-e-type=\"container\">\n\t\t\t\t<div class=\"elementor-element elementor-element-ce6246b elementor-widget__width-initial elementor-widget elementor-widget-heading\" data-id=\"ce6246b\" data-element_type=\"widget\" data-e-type=\"widget\" data-settings=\"{&quot;_animation&quot;:&quot;none&quot;,&quot;_animation_mobile&quot;:&quot;none&quot;}\" data-widget_type=\"heading.default\">\n\t\t\t\t\t<h1 class=\"elementor-heading-title elementor-size-default\">Discover the Collection<\/h1>\t\t\t\t<\/div>\n\t\t\t\t<div class=\"elementor-element elementor-element-b2e452d elementor-widget elementor-widget-text-editor\" data-id=\"b2e452d\" data-element_type=\"widget\" data-e-type=\"widget\" data-settings=\"{&quot;_animation&quot;:&quot;none&quot;,&quot;_animation_delay&quot;:500,&quot;_animation_mobile&quot;:&quot;none&quot;}\" data-widget_type=\"text-editor.default\">\n\t\t\t\t\t\t\t\t\t<p>Elke formule van K\u00e9rastase zit vol krachtige actieve ingredi\u00ebnten die het haar versterken, voeden en zichtbaar transformeren van aanzet tot punt. Of je nu kiest voor een salonbehandeling of je routine thuis wilt verbeteren, de producten zijn afgestemd op jouw haarbehoefte en brengen je natuurlijke uitstraling naar een hoger niveau.<\/p>\t\t\t\t\t\t\t\t<\/div>\n\t\t\t\t<\/div>\n\t\t<div class=\"elementor-element elementor-element-9cd8054 e-con-full e-flex e-con e-child\" data-id=\"9cd8054\" data-element_type=\"container\" data-e-type=\"container\" data-settings=\"{&quot;background_background&quot;:&quot;classic&quot;}\">\n\t\t\t\t<div class=\"elementor-element elementor-element-b97aada elementor-widget__width-initial elementor-absolute elementor-hidden-mobile elementor-widget elementor-widget-image\" data-id=\"b97aada\" data-element_type=\"widget\" data-e-type=\"widget\" data-settings=\"{&quot;_position&quot;:&quot;absolute&quot;}\" data-widget_type=\"image.default\">\n\t\t\t\t\t\t\t\t\t\t\t\t\t\t\t<img loading=\"lazy\" decoding=\"async\" width=\"273\" height=\"319\" src=\"https:\/\/hethaartheater.nl\/wp-content\/uploads\/2025\/10\/Schermafbeelding-2025-10-29-131720.png\" class=\"attachment-large size-large wp-image-1635\" alt=\"\" srcset=\"https:\/\/hethaartheater.nl\/wp-content\/uploads\/2025\/10\/Schermafbeelding-2025-10-29-131720.png 273w, https:\/\/hethaartheater.nl\/wp-content\/uploads\/2025\/10\/Schermafbeelding-2025-10-29-131720-257x300.png 257w\" sizes=\"(max-width: 273px) 100vw, 273px\" \/>\t\t\t\t\t\t\t\t\t\t\t\t\t\t\t<\/div>\n\t\t\t\t<\/div>\n\t\t\t\t<\/div>\n\t\t<div class=\"elementor-element elementor-element-b46219d e-flex e-con-boxed e-con e-parent\" data-id=\"b46219d\" data-element_type=\"container\" data-e-type=\"container\" data-settings=\"{&quot;background_background&quot;:&quot;classic&quot;}\">\n\t\t\t\t\t<div class=\"e-con-inner\">\n\t\t\t\t\t<\/div>\n\t\t\t\t<\/div>\n\t\t<div class=\"elementor-element elementor-element-a42df83 e-con-full e-flex e-con e-parent\" data-id=\"a42df83\" data-element_type=\"container\" data-e-type=\"container\">\n\t\t<div class=\"elementor-element elementor-element-8ca47cc e-con-full e-flex e-con e-child\" data-id=\"8ca47cc\" data-element_type=\"container\" data-e-type=\"container\" data-settings=\"{&quot;background_background&quot;:&quot;classic&quot;}\">\n\t\t\t\t<\/div>\n\t\t<div class=\"elementor-element elementor-element-07912a5 e-con-full e-flex e-con e-child\" data-id=\"07912a5\" data-element_type=\"container\" data-e-type=\"container\">\n\t\t\t\t<div class=\"elementor-element elementor-element-fc712ce elementor-widget__width-initial elementor-widget elementor-widget-heading\" data-id=\"fc712ce\" data-element_type=\"widget\" data-e-type=\"widget\" data-settings=\"{&quot;_animation&quot;:&quot;none&quot;,&quot;_animation_mobile&quot;:&quot;none&quot;}\" data-widget_type=\"heading.default\">\n\t\t\t\t\t<h2 class=\"elementor-heading-title elementor-size-default\">K\u00e9rastase bij Het Haartheater<\/h2>\t\t\t\t<\/div>\n\t\t\t\t<div class=\"elementor-element elementor-element-e860442 elementor-widget elementor-widget-text-editor\" data-id=\"e860442\" data-element_type=\"widget\" data-e-type=\"widget\" data-settings=\"{&quot;_animation&quot;:&quot;none&quot;,&quot;_animation_delay&quot;:500,&quot;_animation_mobile&quot;:&quot;none&quot;}\" data-widget_type=\"text-editor.default\">\n\t\t\t\t\t\t\t\t\t<p>Ontdek K\u00e9rastase bij Het Haartheater en ervaar verzorging die werkt, goed voelt \u00e9n past bij jouw ritme. Van gepersonaliseerde salonrituelen tot dagelijkse care dit is zorg die je haar begrijpt \u00e9n jou versterkt.<\/p>\t\t\t\t\t\t\t\t<\/div>\n\t\t\t\t<\/div>\n\t\t\t\t<\/div>\n\t\t<div class=\"elementor-element elementor-element-aee78c4 e-flex e-con-boxed e-con e-parent\" data-id=\"aee78c4\" data-element_type=\"container\" data-e-type=\"container\">\n\t\t\t\t\t<div class=\"e-con-inner\">\n\t\t\t\t<div class=\"elementor-element elementor-element-9d32c42 elementor-align-right elementor-widget elementor-widget-button\" data-id=\"9d32c42\" data-element_type=\"widget\" data-e-type=\"widget\" data-widget_type=\"button.default\">\n\t\t\t\t\t\t\t\t\t\t<a class=\"elementor-button elementor-button-link elementor-size-sm\" href=\"https:\/\/hethaartheater.nl\/en\/oribe\/\">\n\t\t\t\t\t\t<span class=\"elementor-button-content-wrapper\">\n\t\t\t\t\t\t<span class=\"elementor-button-icon\">\n\t\t\t\t<svg aria-hidden=\"true\" class=\"e-font-icon-svg e-fas-arrow-right\" viewbox=\"0 0 448 512\" xmlns=\"http:\/\/www.w3.org\/2000\/svg\"><path d=\"M190.5 66.9l22.2-22.2c9.4-9.4 24.6-9.4 33.9 0L441 239c9.4 9.4 9.4 24.6 0 33.9L246.6 467.3c-9.4 9.4-24.6 9.4-33.9 0l-22.2-22.2c-9.5-9.5-9.3-25 .4-34.3L311.4 296H24c-13.3 0-24-10.7-24-24v-32c0-13.3 10.7-24 24-24h287.4L190.9 101.2c-9.8-9.3-10-24.8-.4-34.3z\"><\/path><\/svg>\t\t\t<\/span>\n\t\t\t\t\t\t\t\t\t<span class=\"elementor-button-text\">Oribe<\/span>\n\t\t\t\t\t<\/span>\n\t\t\t\t\t<\/a>\n\t\t\t\t\t\t\t\t<\/div>\n\t\t\t\t\t<\/div>\n\t\t\t\t<\/div>\n\t\t<div class=\"elementor-element elementor-element-0977e41 e-con-full e-flex e-con e-parent\" data-id=\"0977e41\" data-element_type=\"container\" data-e-type=\"container\" data-settings=\"{&quot;background_background&quot;:&quot;classic&quot;}\">\n\t\t\t\t<div class=\"elementor-element elementor-element-317d244 elementor-widget elementor-widget-heading\" data-id=\"317d244\" data-element_type=\"widget\" data-e-type=\"widget\" data-settings=\"{&quot;_animation&quot;:&quot;none&quot;,&quot;_animation_mobile&quot;:&quot;none&quot;}\" data-widget_type=\"heading.default\">\n\t\t\t\t\t<h5 class=\"elementor-heading-title elementor-size-default\">Performance you feel. Results you see.<\/h5>\t\t\t\t<\/div>\n\t\t\t\t<\/div>\n\t\t\t\t<\/div>","protected":false},"excerpt":{"rendered":"<p>K\u00e9rastase PARIS Kerastase Share the beauty of timeless Traditions Bij Het Haartheater werken we samen met K\u00e9rastase om topkwaliteit haarverzorging te integreren in elke behandeling. K\u00e9rastase staat bekend om wetenschappelijke innovatie en luxe formules, met een diepe focus op haar- \u00e9n hoofdhuidgezondheid. Die combinatie maakt het merk de perfecte match voor onze salonfilosofie: doelgerichte verzorging, [&hellip;]<\/p>\n","protected":false},"author":1,"featured_media":0,"parent":3141,"menu_order":0,"comment_status":"closed","ping_status":"closed","template":"","meta":{"footnotes":""},"class_list":["post-1613","page","type-page","status-publish","hentry"],"_links":{"self":[{"href":"https:\/\/hethaartheater.nl\/en\/wp-json\/wp\/v2\/pages\/1613","targetHints":{"allow":["GET"]}}],"collection":[{"href":"https:\/\/hethaartheater.nl\/en\/wp-json\/wp\/v2\/pages"}],"about":[{"href":"https:\/\/hethaartheater.nl\/en\/wp-json\/wp\/v2\/types\/page"}],"author":[{"embeddable":true,"href":"https:\/\/hethaartheater.nl\/en\/wp-json\/wp\/v2\/users\/1"}],"replies":[{"embeddable":true,"href":"https:\/\/hethaartheater.nl\/en\/wp-json\/wp\/v2\/comments?post=1613"}],"version-history":[{"count":67,"href":"https:\/\/hethaartheater.nl\/en\/wp-json\/wp\/v2\/pages\/1613\/revisions"}],"predecessor-version":[{"id":7166,"href":"https:\/\/hethaartheater.nl\/en\/wp-json\/wp\/v2\/pages\/1613\/revisions\/7166"}],"up":[{"embeddable":true,"href":"https:\/\/hethaartheater.nl\/en\/wp-json\/wp\/v2\/pages\/3141"}],"wp:attachment":[{"href":"https:\/\/hethaartheater.nl\/en\/wp-json\/wp\/v2\/media?parent=1613"}],"curies":[{"name":"wp","href":"https:\/\/api.w.org\/{rel}","templated":true}]}}