{"id":1735,"date":"2025-10-29T13:42:08","date_gmt":"2025-10-29T13:42:08","guid":{"rendered":"https:\/\/seagreen-dunlin-662002.hostingersite.com\/?page_id=1735"},"modified":"2026-03-31T07:32:29","modified_gmt":"2026-03-31T07:32:29","slug":"davines","status":"publish","type":"page","link":"https:\/\/hethaartheater.nl\/en\/partners\/davines\/","title":{"rendered":"Davines"},"content":{"rendered":"<div data-elementor-type=\"wp-page\" data-elementor-id=\"1735\" class=\"elementor elementor-1735\" data-elementor-post-type=\"page\">\n\t\t\t\t<div class=\"elementor-element elementor-element-9ae79a8 e-con-full e-flex e-con e-parent\" data-id=\"9ae79a8\" data-element_type=\"container\" data-e-type=\"container\">\n\t\t\t\t<div class=\"elementor-element elementor-element-8cff3a6 elementor-widget-tablet__width-initial elementor-widget elementor-widget-heading\" data-id=\"8cff3a6\" data-element_type=\"widget\" data-e-type=\"widget\" data-widget_type=\"heading.default\">\n\t\t\t\t\t<h2 class=\"elementor-heading-title elementor-size-default\">Davines<\/h2>\t\t\t\t<\/div>\n\t\t<div class=\"elementor-element elementor-element-5fc29e9 e-con-full e-flex e-con e-child\" data-id=\"5fc29e9\" data-element_type=\"container\" data-e-type=\"container\">\n\t\t\t\t<div class=\"elementor-element elementor-element-5d016b1 elementor-absolute elementor-widget-mobile__width-initial elementor-widget elementor-widget-image\" data-id=\"5d016b1\" data-element_type=\"widget\" data-e-type=\"widget\" data-settings=\"{&quot;_position&quot;:&quot;absolute&quot;}\" data-widget_type=\"image.default\">\n\t\t\t\t\t\t\t\t\t\t\t\t\t\t\t<img fetchpriority=\"high\" decoding=\"async\" width=\"232\" height=\"348\" src=\"https:\/\/hethaartheater.nl\/wp-content\/uploads\/2025\/10\/Schermafbeelding-2025-10-29-144946.png\" class=\"attachment-large size-large wp-image-1752\" alt=\"\" srcset=\"https:\/\/hethaartheater.nl\/wp-content\/uploads\/2025\/10\/Schermafbeelding-2025-10-29-144946.png 232w, https:\/\/hethaartheater.nl\/wp-content\/uploads\/2025\/10\/Schermafbeelding-2025-10-29-144946-200x300.png 200w\" sizes=\"(max-width: 232px) 100vw, 232px\" \/>\t\t\t\t\t\t\t\t\t\t\t\t\t\t\t<\/div>\n\t\t\t\t<div class=\"elementor-element elementor-element-7d1074f elementor-absolute elementor-widget__width-initial elementor-hidden-mobile elementor-widget elementor-widget-image\" data-id=\"7d1074f\" data-element_type=\"widget\" data-e-type=\"widget\" data-settings=\"{&quot;_position&quot;:&quot;absolute&quot;}\" data-widget_type=\"image.default\">\n\t\t\t\t\t\t\t\t\t\t\t\t\t\t\t<img decoding=\"async\" width=\"667\" height=\"811\" src=\"https:\/\/hethaartheater.nl\/wp-content\/uploads\/2025\/10\/Davines-1.png\" class=\"attachment-large size-large wp-image-1754\" alt=\"\" srcset=\"https:\/\/hethaartheater.nl\/wp-content\/uploads\/2025\/10\/Davines-1.png 667w, https:\/\/hethaartheater.nl\/wp-content\/uploads\/2025\/10\/Davines-1-247x300.png 247w\" sizes=\"(max-width: 667px) 100vw, 667px\" \/>\t\t\t\t\t\t\t\t\t\t\t\t\t\t\t<\/div>\n\t\t\t\t<div class=\"elementor-element elementor-element-27821a0 elementor-absolute elementor-hidden-mobile elementor-widget elementor-widget-image\" data-id=\"27821a0\" data-element_type=\"widget\" data-e-type=\"widget\" data-settings=\"{&quot;_position&quot;:&quot;absolute&quot;}\" data-widget_type=\"image.default\">\n\t\t\t\t\t\t\t\t\t\t\t\t\t\t\t<img decoding=\"async\" width=\"330\" height=\"328\" src=\"https:\/\/hethaartheater.nl\/wp-content\/uploads\/2025\/10\/Schermafbeelding-2025-10-29-144650.png\" class=\"attachment-large size-large wp-image-1753\" alt=\"\" srcset=\"https:\/\/hethaartheater.nl\/wp-content\/uploads\/2025\/10\/Schermafbeelding-2025-10-29-144650.png 330w, https:\/\/hethaartheater.nl\/wp-content\/uploads\/2025\/10\/Schermafbeelding-2025-10-29-144650-300x298.png 300w, https:\/\/hethaartheater.nl\/wp-content\/uploads\/2025\/10\/Schermafbeelding-2025-10-29-144650-150x150.png 150w\" sizes=\"(max-width: 330px) 100vw, 330px\" \/>\t\t\t\t\t\t\t\t\t\t\t\t\t\t\t<\/div>\n\t\t\t\t<div class=\"elementor-element elementor-element-d4bb791 elementor-absolute elementor-hidden-mobile elementor-widget elementor-widget-image\" data-id=\"d4bb791\" data-element_type=\"widget\" data-e-type=\"widget\" data-settings=\"{&quot;_position&quot;:&quot;absolute&quot;}\" data-widget_type=\"image.default\">\n\t\t\t\t\t\t\t\t\t\t\t\t\t\t\t<img loading=\"lazy\" decoding=\"async\" width=\"319\" height=\"316\" src=\"https:\/\/hethaartheater.nl\/wp-content\/uploads\/2025\/10\/Schermafbeelding-2025-10-29-145025.png\" class=\"attachment-large size-large wp-image-1748\" alt=\"\" srcset=\"https:\/\/hethaartheater.nl\/wp-content\/uploads\/2025\/10\/Schermafbeelding-2025-10-29-145025.png 319w, https:\/\/hethaartheater.nl\/wp-content\/uploads\/2025\/10\/Schermafbeelding-2025-10-29-145025-300x297.png 300w, https:\/\/hethaartheater.nl\/wp-content\/uploads\/2025\/10\/Schermafbeelding-2025-10-29-145025-150x150.png 150w\" sizes=\"(max-width: 319px) 100vw, 319px\" \/>\t\t\t\t\t\t\t\t\t\t\t\t\t\t\t<\/div>\n\t\t\t\t<div class=\"elementor-element elementor-element-cef8b47 elementor-absolute elementor-widget-mobile__width-initial elementor-widget elementor-widget-image\" data-id=\"cef8b47\" data-element_type=\"widget\" data-e-type=\"widget\" data-settings=\"{&quot;_position&quot;:&quot;absolute&quot;}\" data-widget_type=\"image.default\">\n\t\t\t\t\t\t\t\t\t\t\t\t\t\t\t<img loading=\"lazy\" decoding=\"async\" width=\"245\" height=\"226\" src=\"https:\/\/hethaartheater.nl\/wp-content\/uploads\/2025\/10\/Schermafbeelding-2025-10-29-145016.png\" class=\"attachment-large size-large wp-image-1749\" alt=\"\" \/>\t\t\t\t\t\t\t\t\t\t\t\t\t\t\t<\/div>\n\t\t\t\t<div class=\"elementor-element elementor-element-e078dff elementor-absolute elementor-widget-mobile__width-initial elementor-widget elementor-widget-image\" data-id=\"e078dff\" data-element_type=\"widget\" data-e-type=\"widget\" data-settings=\"{&quot;_position&quot;:&quot;absolute&quot;}\" data-widget_type=\"image.default\">\n\t\t\t\t\t\t\t\t\t\t\t\t\t\t\t<img loading=\"lazy\" decoding=\"async\" width=\"235\" height=\"199\" src=\"https:\/\/hethaartheater.nl\/wp-content\/uploads\/2025\/10\/Schermafbeelding-2025-10-29-144955.png\" class=\"attachment-large size-large wp-image-1751\" alt=\"\" \/>\t\t\t\t\t\t\t\t\t\t\t\t\t\t\t<\/div>\n\t\t\t\t<div class=\"elementor-element elementor-element-f0deabb elementor-absolute elementor-hidden-mobile elementor-widget elementor-widget-image\" data-id=\"f0deabb\" data-element_type=\"widget\" data-e-type=\"widget\" data-settings=\"{&quot;_position&quot;:&quot;absolute&quot;}\" data-widget_type=\"image.default\">\n\t\t\t\t\t\t\t\t\t\t\t\t\t\t\t<img loading=\"lazy\" decoding=\"async\" width=\"211\" height=\"312\" src=\"https:\/\/hethaartheater.nl\/wp-content\/uploads\/2025\/10\/Schermafbeelding-2025-10-29-145043.png\" class=\"attachment-large size-large wp-image-1746\" alt=\"\" srcset=\"https:\/\/hethaartheater.nl\/wp-content\/uploads\/2025\/10\/Schermafbeelding-2025-10-29-145043.png 211w, https:\/\/hethaartheater.nl\/wp-content\/uploads\/2025\/10\/Schermafbeelding-2025-10-29-145043-203x300.png 203w\" sizes=\"(max-width: 211px) 100vw, 211px\" \/>\t\t\t\t\t\t\t\t\t\t\t\t\t\t\t<\/div>\n\t\t\t\t<div class=\"elementor-element elementor-element-2581686 elementor-absolute elementor-widget__width-initial elementor-hidden-mobile elementor-widget elementor-widget-image\" data-id=\"2581686\" data-element_type=\"widget\" data-e-type=\"widget\" data-settings=\"{&quot;_position&quot;:&quot;absolute&quot;}\" data-widget_type=\"image.default\">\n\t\t\t\t\t\t\t\t\t\t\t\t\t\t\t<img loading=\"lazy\" decoding=\"async\" width=\"262\" height=\"279\" src=\"https:\/\/hethaartheater.nl\/wp-content\/uploads\/2025\/10\/Schermafbeelding-2025-10-29-145005.png\" class=\"attachment-large size-large wp-image-1750\" alt=\"\" \/>\t\t\t\t\t\t\t\t\t\t\t\t\t\t\t<\/div>\n\t\t\t\t<\/div>\n\t\t\t\t<\/div>\n\t\t<div class=\"elementor-element elementor-element-d1033a0 e-con-full e-flex e-con e-parent\" data-id=\"d1033a0\" data-element_type=\"container\" data-e-type=\"container\" data-settings=\"{&quot;background_background&quot;:&quot;video&quot;,&quot;background_video_link&quot;:&quot;https:\\\/\\\/seagreen-dunlin-662002.hostingersite.com\\\/wp-content\\\/uploads\\\/2025\\\/10\\\/1744894685847_davines_product_video.mp4&quot;,&quot;background_play_on_mobile&quot;:&quot;yes&quot;}\">\n\t\t<div class=\"elementor-background-video-container\">\n\t\t\t\t\t\t\t<video class=\"elementor-background-video-hosted\" role=\"presentation\" autoplay muted playsinline loop><\/video>\n\t\t\t\t\t<\/div>\t\t<\/div>\n\t\t<div class=\"elementor-element elementor-element-e8c12e8 e-con-full e-flex e-con e-parent\" data-id=\"e8c12e8\" data-element_type=\"container\" data-e-type=\"container\">\n\t\t<div class=\"elementor-element elementor-element-ffe8301 e-con-full e-flex e-con e-child\" data-id=\"ffe8301\" data-element_type=\"container\" data-e-type=\"container\" data-settings=\"{&quot;background_background&quot;:&quot;classic&quot;}\">\n\t\t\t\t<\/div>\n\t\t<div class=\"elementor-element elementor-element-77aad2c e-con-full e-flex e-con e-child\" data-id=\"77aad2c\" data-element_type=\"container\" data-e-type=\"container\">\n\t\t\t\t<div class=\"elementor-element elementor-element-81f8181 elementor-widget__width-initial elementor-widget elementor-widget-heading\" data-id=\"81f8181\" data-element_type=\"widget\" data-e-type=\"widget\" data-settings=\"{&quot;_animation&quot;:&quot;none&quot;,&quot;_animation_mobile&quot;:&quot;none&quot;}\" data-widget_type=\"heading.default\">\n\t\t\t\t\t<h2 class=\"elementor-heading-title elementor-size-default\">Davines at Het Haartheater<\/h2>\t\t\t\t<\/div>\n\t\t\t\t<div class=\"elementor-element elementor-element-76e03d0 elementor-widget elementor-widget-text-editor\" data-id=\"76e03d0\" data-element_type=\"widget\" data-e-type=\"widget\" data-settings=\"{&quot;_animation&quot;:&quot;none&quot;,&quot;_animation_delay&quot;:500,&quot;_animation_mobile&quot;:&quot;none&quot;}\" data-widget_type=\"text-editor.default\">\n\t\t\t\t\t\t\t\t\t<p>Davines verbindt natuur, wetenschap en design in \u00e9\u00e9n filosofie: duurzame schoonheid. En precies daarom past het bij Het Haartheater. De focus op zuivere formules, vertragen in plaats van haasten, en verzorging als ritueel sluit naadloos aan bij hoe wij werken: bewust, modern en persoonlijk.<\/p>\t\t\t\t\t\t\t\t<\/div>\n\t\t\t\t<\/div>\n\t\t\t\t<\/div>\n\t\t<div class=\"elementor-element elementor-element-cea2966 e-con-full e-flex e-con e-parent\" data-id=\"cea2966\" data-element_type=\"container\" data-e-type=\"container\">\n\t\t<div class=\"elementor-element elementor-element-12af41a e-con-full e-flex e-con e-child\" data-id=\"12af41a\" data-element_type=\"container\" data-e-type=\"container\">\n\t\t\t\t<div class=\"elementor-element elementor-element-8a7fc2a elementor-widget__width-initial elementor-widget elementor-widget-heading\" data-id=\"8a7fc2a\" data-element_type=\"widget\" data-e-type=\"widget\" data-settings=\"{&quot;_animation&quot;:&quot;none&quot;,&quot;_animation_mobile&quot;:&quot;none&quot;}\" data-widget_type=\"heading.default\">\n\t\t\t\t\t<h1 class=\"elementor-heading-title elementor-size-default\">Discover the Collection<\/h1>\t\t\t\t<\/div>\n\t\t\t\t<div class=\"elementor-element elementor-element-a045947 elementor-widget elementor-widget-text-editor\" data-id=\"a045947\" data-element_type=\"widget\" data-e-type=\"widget\" data-settings=\"{&quot;_animation&quot;:&quot;none&quot;,&quot;_animation_delay&quot;:500,&quot;_animation_mobile&quot;:&quot;none&quot;}\" data-widget_type=\"text-editor.default\">\n\t\t\t\t\t\t\t\t\t<p>Van botanische shampoos tot luchtige stylingscr\u00e8mes elk product is ontwikkeld met zorg. Voor het haar, voor de mens, \u00e9n voor de planeet. Maar wat Davines \u00e9cht onderscheidt, is de balans: natuurlijk maar doeltreffend. Zacht, maar nooit saai.<\/p>\t\t\t\t\t\t\t\t<\/div>\n\t\t\t\t<\/div>\n\t\t<div class=\"elementor-element elementor-element-a9272b0 e-con-full e-flex e-con e-child\" data-id=\"a9272b0\" data-element_type=\"container\" data-e-type=\"container\" data-settings=\"{&quot;background_background&quot;:&quot;classic&quot;}\">\n\t\t\t\t<div class=\"elementor-element elementor-element-243ad65 elementor-widget__width-initial elementor-absolute elementor-hidden-mobile elementor-widget elementor-widget-image\" data-id=\"243ad65\" data-element_type=\"widget\" data-e-type=\"widget\" data-settings=\"{&quot;_position&quot;:&quot;absolute&quot;}\" data-widget_type=\"image.default\">\n\t\t\t\t\t\t\t\t\t\t\t\t\t\t\t<img loading=\"lazy\" decoding=\"async\" width=\"276\" height=\"320\" src=\"https:\/\/hethaartheater.nl\/wp-content\/uploads\/2025\/10\/Schermafbeelding-2025-10-29-145114.png\" class=\"attachment-large size-large wp-image-1762\" alt=\"\" srcset=\"https:\/\/hethaartheater.nl\/wp-content\/uploads\/2025\/10\/Schermafbeelding-2025-10-29-145114.png 276w, https:\/\/hethaartheater.nl\/wp-content\/uploads\/2025\/10\/Schermafbeelding-2025-10-29-145114-259x300.png 259w\" sizes=\"(max-width: 276px) 100vw, 276px\" \/>\t\t\t\t\t\t\t\t\t\t\t\t\t\t\t<\/div>\n\t\t\t\t<\/div>\n\t\t\t\t<\/div>\n\t\t<div class=\"elementor-element elementor-element-97eb3e7 e-flex e-con-boxed e-con e-parent\" data-id=\"97eb3e7\" data-element_type=\"container\" data-e-type=\"container\" data-settings=\"{&quot;background_background&quot;:&quot;classic&quot;}\">\n\t\t\t\t\t<div class=\"e-con-inner\">\n\t\t\t\t\t<\/div>\n\t\t\t\t<\/div>\n\t\t<div class=\"elementor-element elementor-element-01cb4d1 e-con-full e-flex e-con e-parent\" data-id=\"01cb4d1\" data-element_type=\"container\" data-e-type=\"container\">\n\t\t<div class=\"elementor-element elementor-element-e8f1b19 e-con-full e-flex e-con e-child\" data-id=\"e8f1b19\" data-element_type=\"container\" data-e-type=\"container\" data-settings=\"{&quot;background_background&quot;:&quot;classic&quot;}\">\n\t\t\t\t<\/div>\n\t\t<div class=\"elementor-element elementor-element-e65d001 e-con-full e-flex e-con e-child\" data-id=\"e65d001\" data-element_type=\"container\" data-e-type=\"container\">\n\t\t\t\t<div class=\"elementor-element elementor-element-2de4c64 elementor-widget__width-initial elementor-widget elementor-widget-heading\" data-id=\"2de4c64\" data-element_type=\"widget\" data-e-type=\"widget\" data-settings=\"{&quot;_animation&quot;:&quot;none&quot;,&quot;_animation_mobile&quot;:&quot;none&quot;}\" data-widget_type=\"heading.default\">\n\t\t\t\t\t<h2 class=\"elementor-heading-title elementor-size-default\">Davines bij Het Haartheater<\/h2>\t\t\t\t<\/div>\n\t\t\t\t<div class=\"elementor-element elementor-element-da0e602 elementor-widget elementor-widget-text-editor\" data-id=\"da0e602\" data-element_type=\"widget\" data-e-type=\"widget\" data-settings=\"{&quot;_animation&quot;:&quot;none&quot;,&quot;_animation_delay&quot;:500,&quot;_animation_mobile&quot;:&quot;none&quot;}\" data-widget_type=\"text-editor.default\">\n\t\t\t\t\t\t\t\t\t<p>Bij Het Haartheater gebruiken we Davines wanneer haar rust nodig heeft, helderheid of een zachte transformatie. Want duurzaamheid is voor ons geen trend het is hoe je omgaat met wat je belangrijk vindt. En wij geven om jouw haar.<\/p>\t\t\t\t\t\t\t\t<\/div>\n\t\t\t\t<\/div>\n\t\t\t\t<\/div>\n\t\t<div class=\"elementor-element elementor-element-bc6beae e-flex e-con-boxed e-con e-parent\" data-id=\"bc6beae\" data-element_type=\"container\" data-e-type=\"container\">\n\t\t\t\t\t<div class=\"e-con-inner\">\n\t\t\t\t<div class=\"elementor-element elementor-element-f4da48f elementor-align-right elementor-widget elementor-widget-button\" data-id=\"f4da48f\" data-element_type=\"widget\" data-e-type=\"widget\" data-widget_type=\"button.default\">\n\t\t\t\t\t\t\t\t\t\t<a class=\"elementor-button elementor-button-link elementor-size-sm\" href=\"https:\/\/hethaartheater.nl\/en\/redken\/\">\n\t\t\t\t\t\t<span class=\"elementor-button-content-wrapper\">\n\t\t\t\t\t\t<span class=\"elementor-button-icon\">\n\t\t\t\t<svg aria-hidden=\"true\" class=\"e-font-icon-svg e-fas-arrow-left\" viewbox=\"0 0 448 512\" xmlns=\"http:\/\/www.w3.org\/2000\/svg\"><path d=\"M257.5 445.1l-22.2 22.2c-9.4 9.4-24.6 9.4-33.9 0L7 273c-9.4-9.4-9.4-24.6 0-33.9L201.4 44.7c9.4-9.4 24.6-9.4 33.9 0l22.2 22.2c9.5 9.5 9.3 25-.4 34.3L136.6 216H424c13.3 0 24 10.7 24 24v32c0 13.3-10.7 24-24 24H136.6l120.5 114.8c9.8 9.3 10 24.8.4 34.3z\"><\/path><\/svg>\t\t\t<\/span>\n\t\t\t\t\t\t\t\t\t<span class=\"elementor-button-text\">Redken<\/span>\n\t\t\t\t\t<\/span>\n\t\t\t\t\t<\/a>\n\t\t\t\t\t\t\t\t<\/div>\n\t\t\t\t<div class=\"elementor-element elementor-element-afcdadc elementor-align-right elementor-widget elementor-widget-button\" data-id=\"afcdadc\" data-element_type=\"widget\" data-e-type=\"widget\" data-widget_type=\"button.default\">\n\t\t\t\t\t\t\t\t\t\t<a class=\"elementor-button elementor-button-link elementor-size-sm\" href=\"https:\/\/hethaartheater.nl\/en\/ghd\/\">\n\t\t\t\t\t\t<span class=\"elementor-button-content-wrapper\">\n\t\t\t\t\t\t<span class=\"elementor-button-icon\">\n\t\t\t\t<svg aria-hidden=\"true\" class=\"e-font-icon-svg e-fas-arrow-right\" viewbox=\"0 0 448 512\" xmlns=\"http:\/\/www.w3.org\/2000\/svg\"><path d=\"M190.5 66.9l22.2-22.2c9.4-9.4 24.6-9.4 33.9 0L441 239c9.4 9.4 9.4 24.6 0 33.9L246.6 467.3c-9.4 9.4-24.6 9.4-33.9 0l-22.2-22.2c-9.5-9.5-9.3-25 .4-34.3L311.4 296H24c-13.3 0-24-10.7-24-24v-32c0-13.3 10.7-24 24-24h287.4L190.9 101.2c-9.8-9.3-10-24.8-.4-34.3z\"><\/path><\/svg>\t\t\t<\/span>\n\t\t\t\t\t\t\t\t\t<span class=\"elementor-button-text\">GHD<\/span>\n\t\t\t\t\t<\/span>\n\t\t\t\t\t<\/a>\n\t\t\t\t\t\t\t\t<\/div>\n\t\t\t\t\t<\/div>\n\t\t\t\t<\/div>\n\t\t<div class=\"elementor-element elementor-element-0161f8a e-con-full e-flex e-con e-parent\" data-id=\"0161f8a\" data-element_type=\"container\" data-e-type=\"container\" data-settings=\"{&quot;background_background&quot;:&quot;classic&quot;}\">\n\t\t\t\t<div class=\"elementor-element elementor-element-0479a7e elementor-widget elementor-widget-heading\" data-id=\"0479a7e\" data-element_type=\"widget\" data-e-type=\"widget\" data-settings=\"{&quot;_animation&quot;:&quot;none&quot;,&quot;_animation_mobile&quot;:&quot;none&quot;}\" data-widget_type=\"heading.default\">\n\t\t\t\t\t<h5 class=\"elementor-heading-title elementor-size-default\">Beauty with roots. Hair with soul.<\/h5>\t\t\t\t<\/div>\n\t\t\t\t<\/div>\n\t\t\t\t<\/div>","protected":false},"excerpt":{"rendered":"<p>Davines Davines at Het Haartheater Davines verbindt natuur, wetenschap en design in \u00e9\u00e9n filosofie: duurzame schoonheid. En precies daarom past het bij Het Haartheater. De focus op zuivere formules, vertragen in plaats van haasten, en verzorging als ritueel sluit naadloos aan bij hoe wij werken: bewust, modern en persoonlijk. Discover the Collection Van botanische shampoos [&hellip;]<\/p>\n","protected":false},"author":1,"featured_media":0,"parent":3141,"menu_order":0,"comment_status":"closed","ping_status":"closed","template":"","meta":{"footnotes":""},"class_list":["post-1735","page","type-page","status-publish","hentry"],"_links":{"self":[{"href":"https:\/\/hethaartheater.nl\/en\/wp-json\/wp\/v2\/pages\/1735","targetHints":{"allow":["GET"]}}],"collection":[{"href":"https:\/\/hethaartheater.nl\/en\/wp-json\/wp\/v2\/pages"}],"about":[{"href":"https:\/\/hethaartheater.nl\/en\/wp-json\/wp\/v2\/types\/page"}],"author":[{"embeddable":true,"href":"https:\/\/hethaartheater.nl\/en\/wp-json\/wp\/v2\/users\/1"}],"replies":[{"embeddable":true,"href":"https:\/\/hethaartheater.nl\/en\/wp-json\/wp\/v2\/comments?post=1735"}],"version-history":[{"count":52,"href":"https:\/\/hethaartheater.nl\/en\/wp-json\/wp\/v2\/pages\/1735\/revisions"}],"predecessor-version":[{"id":7160,"href":"https:\/\/hethaartheater.nl\/en\/wp-json\/wp\/v2\/pages\/1735\/revisions\/7160"}],"up":[{"embeddable":true,"href":"https:\/\/hethaartheater.nl\/en\/wp-json\/wp\/v2\/pages\/3141"}],"wp:attachment":[{"href":"https:\/\/hethaartheater.nl\/en\/wp-json\/wp\/v2\/media?parent=1735"}],"curies":[{"name":"wp","href":"https:\/\/api.w.org\/{rel}","templated":true}]}}